{"id":70,"date":"2018-01-24T14:45:13","date_gmt":"2018-01-24T14:45:13","guid":{"rendered":"http:\/\/northiceexpeditions.is\/?page_id=70"},"modified":"2024-06-22T19:37:22","modified_gmt":"2024-06-22T19:37:22","slug":"eyjafjallajokull-hike","status":"publish","type":"page","link":"https:\/\/www.northiceexpeditions.is\/is\/privatetours\/eyjafjallajokull-hike\/","title":{"rendered":"Eyjafjallaj\u00f6kull"},"content":{"rendered":"<div class=\"wpb-content-wrapper\"><div class=\"vc_row wpb_row vc_row-fluid\"><div class=\"wpb_column vc_column_container vc_col-sm-12\"><div class=\"vc_column-inner\"><div class=\"wpb_wrapper\">\n\t<div  class=\"wpb_single_image wpb_content_element vc_align_left\">\n\t\t\n\t\t<figure class=\"wpb_wrapper vc_figure\">\n\t\t\t<div class=\"vc_single_image-wrapper   vc_box_border_grey\"><img decoding=\"async\" class=\"vc_single_image-img\" src=\"https:\/\/www.northiceexpeditions.is\/wp-content\/uploads\/2022\/01\/20210504_153013-1500x400.jpg\" width=\"1500\" height=\"400\" alt=\"20210504_153013\" title=\"20210504_153013\" loading=\"lazy\"  data-dt-location=\"https:\/\/www.northiceexpeditions.is\/is\/toppadu-med-okkur\/20210504_153013\/\" \/><\/div>\n\t\t<\/figure>\n\t<\/div>\n<\/div><\/div><\/div><\/div><div class=\"vc_row wpb_row vc_row-fluid\"><div class=\"wpb_column vc_column_container vc_col-sm-8\"><div class=\"vc_column-inner\"><div class=\"wpb_wrapper\"><div id=\"ultimate-heading-807769ff2cd081a38\" class=\"uvc-heading ult-adjust-bottom-margin ultimate-heading-807769ff2cd081a38 uvc-437  uvc-heading-default-font-sizes\" data-hspacer=\"no_spacer\"  data-halign=\"center\" style=\"text-align:center\"><div class=\"uvc-heading-spacer no_spacer\" style=\"top\"><\/div><div class=\"uvc-main-heading ult-responsive\"  data-ultimate-target='.uvc-heading.ultimate-heading-807769ff2cd081a38 h2'  data-responsive-json-new='{\"font-size\":\"\",\"line-height\":\"\"}' ><h2 style=\"--font-weight:theme;margin-bottom:25px;\">Eyjafjallaj\u00f6kulsganga<\/h2><\/div><div class=\"uvc-sub-heading ult-responsive\"  data-ultimate-target='.uvc-heading.ultimate-heading-807769ff2cd081a38 .uvc-sub-heading '  data-responsive-json-new='{\"font-size\":\"desktop:24px;\",\"line-height\":\"\"}'  style=\"font-family:&#039;Abel&#039;;font-weight:bold;margin-bottom:25px;\"><\/p>\n<p style=\"text-align: center;\">1651metrar<\/p>\n<p><\/div><\/div>\n\t<div class=\"wpb_text_column wpb_content_element\" >\n\t\t<div class=\"wpb_wrapper\">\n\t\t\t<p><strong>Um fer\u00f0ina<\/strong><\/p>\n<p>Eyjafjallaj\u00f6kull er sennilega fr\u00e6gasta fjall \u00cdslands eftir gosi\u00f0 2010. J\u00f6kullinn kr\u00f3nir yfir \u00f6nnur fj\u00f6ll \u00e1 su\u00f0urstr\u00f6ndinni \u00ed 1651m.y.s. \u00deetta er tilvalin dagsfer\u00f0 fr\u00e1 Reykjav\u00edk og fullkomi\u00f0 fjall til a\u00f0 toppa n\u00e6st.<\/p>\n<p>Fer\u00f0in hefst \u00e1 b\u00edlast\u00e6\u00f0inu vi\u00f0 sundlaugina hj\u00e1 Seljav\u00f6llum. Fyrsti partur fer\u00f0arinnar er nokku\u00f0 brattur en eftir hverja brekku eru hv\u00edldar\u00ferep. Vi\u00f0 f\u00f6rum fram hj\u00e1 nokkrum l\u00e6kjum \u00fear sem h\u00e6gt er a\u00f0 fylla \u00e1 vatnsfl\u00f6skuna.<\/p>\n<p>\u00deegar komi\u00f0 er a\u00f0 j\u00f6kulr\u00f3tum bor\u00f0um vi\u00f0 nesti og f\u00f6rum yfir notkun j\u00f6klab\u00fana\u00f0arins, broddarir eru settir \u00e1 og allir festir \u00e1 s\u00f6mu l\u00ednu.<\/p>\n<p>Uppgangan \u00e1 j\u00f6kli tekur 2-3 t\u00edma sem endar \u00e1 sl\u00e9ttu. \u00de\u00e1 s\u00e9st h\u00e6sti punktur j\u00f6kulsins, H\u00e1mundur sem tekur 30-50m\u00edn\u00fatur a\u00f0 komast upp \u00e1.<\/p>\n<p>Svo er gengi\u00f0 aftur ni\u00f0ur og \u00fea\u00f0 er tilvali\u00f0 a\u00f0 hafa me\u00f0 s\u00e9r sundf\u00f6t og slaka \u00e1 \u00ed Seljavallalaug.<\/p>\n<p>Eyjafjallaj\u00f6kull er sta\u00f0settur nor\u00f0an vi\u00f0 Sk\u00f3ga og vestan vi\u00f0 M\u00fdrdalsj\u00f6kul. Eldfjalli\u00f0 fr\u00e6ga er undir j\u00f6kulbrei\u00f0u en h\u00e6sti punkturinn er 1651m. Eldfjalli\u00f0 g\u00fds nokku\u00f0 reglulega en s\u00ed\u00f0ast gaus \u00fea\u00f0 2010.<\/p>\n<p>&nbsp;<\/p>\n<p><strong>Lengd g\u00f6ngu:<\/strong> 8-10 klukkustundir<\/p>\n<p><strong>Ascent:\u00a0<\/strong>1900 meters<\/p>\n<p><strong>Distance:\u00a0<\/strong>15km<\/p>\n<p><strong>Erfi\u00f0leikastig:<\/strong> 4\/5<\/p>\n<p><strong>L\u00e1gmarksaldur:<\/strong> 13 \u00e1ra<\/p>\n<p><strong>Fj\u00f6ldi:<\/strong> L\u00e1gmark 2 \u00ed h\u00f3p \u2013 h\u00e1mark 6 manns<\/p>\n<p><strong>T\u00edmabil:<\/strong> mai &#8211; june<\/p>\n<p><strong>M\u00e6tingarsta\u00f0ur:<\/strong> Seljavallarlaug: Gps: 63.566401\u00b0N, -19.609137\u00b0V<\/p>\n<p><strong><i>Meeting time:\u00a0 8:00<\/i><\/strong><\/p>\n<p>&nbsp;<\/p>\n<p>&nbsp;<\/p>\n<p><strong>Vi\u00f0 \u00fatvegum \u00fe\u00e9r:<\/strong><\/p>\n<ul>\n<li>Allan j\u00f6klab\u00fana\u00f0<\/li>\n<li>Mannbrodda<\/li>\n<li>\u00cdsexi<\/li>\n<li>L\u00ednur<\/li>\n<li>Karab\u00ednur<\/li>\n<li>Klifurbelti<\/li>\n<li>Lei\u00f0s\u00f6gumann<\/li>\n<\/ul>\n<p><strong>\u00de\u00fa \u00fearft a\u00f0 taka me\u00f0:<\/strong><\/p>\n<ul>\n<li><strong>Hl\u00fd f\u00f6t<\/strong>\n<ul>\n<li>Regnjakka<\/li>\n<li>D\u00fan- e\u00f0a primaloft jakka (gott \u00ed nestisp\u00e1sum)<\/li>\n<\/ul>\n<\/li>\n<li>G\u00f6ngusk\u00f3<\/li>\n<li>H\u00fafu &amp; hanska<\/li>\n<li>30-40L\u00a0 backpack<\/li>\n<li>Mat &amp; drykk fyrir g\u00f6nguna<\/li>\n<li>S\u00f3lgleraugu<\/li>\n<li>G\u00f6ngustafi (ekki nau\u00f0synlegt)<\/li>\n<\/ul>\n<p>H\u00e6gt er a\u00f0 leigja suma af \u00feessum hlutum hj\u00e1 okkur.<\/p>\n<p><strong>Ve\u00f0urfar \u00e1 \u00cdslandi<\/strong><br \/>\n\u00dea\u00f0 kemur flestum ekki \u00e1 \u00f3vart a\u00f0 ve\u00f0ur \u00e1 \u00cdslandi er mj\u00f6g breytilegt. Ef ve\u00f0ursp\u00e1in er ekki g\u00f3\u00f0 fyrir \u00e1\u00e6tla\u00f0an toppadag f\u00e6rum vi\u00f0 fer\u00f0ina ef \u00fei\u00f0 geti\u00f0 ekki fari\u00f0 \u00e1 \u00f6\u00f0rum degi, endurgrei\u00f0um vi\u00f0 fer\u00f0ina.<\/p>\n\n\t\t<\/div>\n\t<\/div>\n<div class=\"vc_btn3-container vc_btn3-left\" ><a class=\"vc_general vc_btn3 vc_btn3-size-lg vc_btn3-shape-square vc_btn3-style-outline vc_btn3-icon-right vc_btn3-color-primary\" href=\"https:\/\/www.northiceexpeditions.is\/is\/information\/\" title=\"\">Frekar um fatna\u00f0 <i class=\"vc_btn3-icon fa fa-info\"><\/i><\/a><\/div><\/div><\/div><\/div><div class=\"wpb_column vc_column_container vc_col-sm-4\"><div class=\"vc_column-inner\"><div class=\"wpb_wrapper\"><div class=\"ult-content-box-container\" >\t\t<div class=\"ult-content-box\" style=\"box-shadow: px px px px none;border-style:solid;border-width:0px;border-radius:0px;-webkit-transition: all 700ms ease;-moz-transition: all 700ms ease;-ms-transition: all 700ms ease;-o-transition: all 700ms ease;transition: all 700ms ease;\"  data-hover_box_shadow=\"none\"     data-border_color=\"\" >\n\t<div class=\"wpb_raw_code wpb_raw_html wpb_content_element\" >\n\t\t<div class=\"wpb_wrapper\">\n\t\t\t<div id=\"bokun-w12441_1a1d6ae7_2cec_4e80_8680_442a1c20789c\">Loading...<\/div><script type=\"text\/javascript\">\nvar w12441_1a1d6ae7_2cec_4e80_8680_442a1c20789c;\n(function(d, t) {\n  var host = 'widgets.bokun.io';\n  var frameUrl = 'https:\/\/' + host + '\/widgets\/12441?bookingChannelUUID=30f0884b-df7c-4551-bb13-47e2118d46b4&amp;activityId=26706&amp;lang=en&amp;ccy=ISK&amp;hash=w12441_1a1d6ae7_2cec_4e80_8680_442a1c20789c';\n  var s = d.createElement(t), options = {'host': host, 'frameUrl': frameUrl, 'widgetHash':'w12441_1a1d6ae7_2cec_4e80_8680_442a1c20789c', 'autoResize':true,'height':'','width':'100%', 'minHeight': 0,'async':true, 'ssl':true, 'affiliateTrackingCode': '', 'transientSession': true, 'cookieLifetime': 43200 };\n  s.src = 'https:\/\/' + host + '\/assets\/javascripts\/widgets\/embedder.js';\n  s.onload = s.onreadystatechange = function() {\n    var rs = this.readyState; if (rs) if (rs != 'complete') if (rs != 'loaded') return;\n    try { \n      w12441_1a1d6ae7_2cec_4e80_8680_442a1c20789c = new BokunWidgetEmbedder(); w12441_1a1d6ae7_2cec_4e80_8680_442a1c20789c.initialize(options); w12441_1a1d6ae7_2cec_4e80_8680_442a1c20789c.display();\n    } catch (e) {}\n  };\n  var scr = d.getElementsByTagName(t)[0], par = scr.parentNode; par.insertBefore(s, scr);\n})(document, 'script');\n<\/script>\n\t\t<\/div>\n\t<\/div>\n\t\t<\/div><\/div><\/div><\/div><\/div><\/div><div class=\"vc_row wpb_row vc_row-fluid\"><div class=\"wpb_column vc_column_container vc_col-sm-12\"><div class=\"vc_column-inner\"><div class=\"wpb_wrapper\">\n<div class=\"vc_grid-container-wrapper vc_clearfix vc_grid-animation-fadeIn\">\n\t<div class=\"vc_grid-container vc_clearfix wpb_content_element vc_media_grid\" data-initial-loading-animation=\"fadeIn\" data-vc-grid-settings=\"{&quot;page_id&quot;:70,&quot;style&quot;:&quot;load-more&quot;,&quot;action&quot;:&quot;vc_get_vc_grid_data&quot;,&quot;shortcode_id&quot;:&quot;1719084912843-aa5b3ca3-db74-8&quot;,&quot;items_per_page&quot;:&quot;4&quot;,&quot;btn_data&quot;:{&quot;title&quot;:&quot;Load more&quot;,&quot;style&quot;:&quot;outline&quot;,&quot;gradient_color_1&quot;:&quot;&quot;,&quot;gradient_color_2&quot;:&quot;&quot;,&quot;gradient_custom_color_1&quot;:&quot;&quot;,&quot;gradient_custom_color_2&quot;:&quot;&quot;,&quot;gradient_text_color&quot;:&quot;&quot;,&quot;custom_background&quot;:&quot;#ededed&quot;,&quot;custom_text&quot;:&quot;#666&quot;,&quot;outline_custom_color&quot;:&quot;#666&quot;,&quot;outline_custom_hover_background&quot;:&quot;#666&quot;,&quot;outline_custom_hover_text&quot;:&quot;#fff&quot;,&quot;shape&quot;:&quot;square&quot;,&quot;color&quot;:&quot;primary&quot;,&quot;size&quot;:&quot;md&quot;,&quot;align&quot;:&quot;inline&quot;,&quot;button_block&quot;:&quot;&quot;,&quot;add_icon&quot;:&quot;true&quot;,&quot;i_align&quot;:&quot;right&quot;,&quot;i_type&quot;:&quot;fontawesome&quot;,&quot;i_icon_the7&quot;:&quot;&quot;,&quot;i_icon_fontawesome&quot;:&quot;fa fa-camera&quot;,&quot;i_icon_openiconic&quot;:&quot;vc-oi vc-oi-dial&quot;,&quot;i_icon_typicons&quot;:&quot;typcn typcn-adjust-brightness&quot;,&quot;i_icon_entypo&quot;:&quot;entypo-icon entypo-icon-note&quot;,&quot;i_icon_linecons&quot;:&quot;vc_li vc_li-heart&quot;,&quot;i_icon_monosocial&quot;:&quot;&quot;,&quot;i_icon_material&quot;:&quot;&quot;,&quot;i_icon_pixelicons&quot;:&quot;vc_pixel_icon vc_pixel_icon-alert&quot;,&quot;el_id&quot;:&quot;&quot;,&quot;custom_onclick&quot;:&quot;&quot;,&quot;custom_onclick_code&quot;:&quot;&quot;,&quot;smooth_scroll&quot;:&quot;&quot;},&quot;tag&quot;:&quot;vc_media_grid&quot;}\" data-vc-request=\"https:\/\/www.northiceexpeditions.is\/wp-admin\/admin-ajax.php\" data-vc-post-id=\"70\" data-vc-public-nonce=\"2d671b8171\">\n\t\t\n\t<\/div>\n<\/div><div class=\"wpb_gmaps_widget wpb_content_element\"><div class=\"wpb_wrapper\"><div class=\"wpb_map_wraper\"><iframe loading=\"lazy\" src=\"https:\/\/www.google.com\/maps\/embed?pb=!1m26!1m12!1m3!1d10515.220167790767!2d-19.65726968631791!3d63.54252826129678!2m3!1f0!2f0!3f0!3m2!1i1024!2i768!4f13.1!4m11!3e0!4m5!1s0x48d674b9eedcedc3%3A0xec912ca230d26071!2sReykjav%C3%ADk!3m2!1d64.12652059999999!2d-21.8174392!4m3!3m2!1d63.5432852!2d-19.6323538!5e0!3m2!1sen!2sis!4v1524754110480\" width=\"600\" height=\"450\" frameborder=\"0\" style=\"border:0\" allowfullscreen><\/iframe><\/div><\/div><\/div><\/div><\/div><\/div><\/div><div data-vc-full-width=\"true\" data-vc-full-width-init=\"false\" class=\"vc_row wpb_row vc_row-fluid vc_custom_1520441250446 vc_row-has-fill\"><div class=\"wpb_column vc_column_container vc_col-sm-12\"><div class=\"vc_column-inner\"><div class=\"wpb_wrapper\">\n\t<div class=\"wpb_text_column wpb_content_element\" >\n\t\t<div class=\"wpb_wrapper\">\n\t\t\t<h3 style=\"text-align: center; color: white;\">Fyrir n\u00e1nari uppl\u00fdsingar info@northiceexpeditions.is<\/h3>\n\n\t\t<\/div>\n\t<\/div>\n<\/div><\/div><\/div><\/div><div class=\"vc_row-full-width vc_clearfix\"><\/div>\n<\/div>","protected":false},"excerpt":{"rendered":"<p>Eyjafjallaj\u00f6kull Hike The Great Volcano About the tour Put on your hiking boots and join us on beautiful hike on top of the glacier covered volcano Eyjafjallaj\u00f6kull. This volcano is based on the south coast of Iceland so this is perfect for a day trip from Reykjav\u00edk. Eyjafjallaj\u00f6kull stretches 1,651meters above sea level and is&hellip;<\/p>","protected":false},"author":2,"featured_media":0,"parent":4066,"menu_order":0,"comment_status":"closed","ping_status":"closed","template":"","meta":{"om_disable_all_campaigns":false,"_monsterinsights_skip_tracking":false,"_monsterinsights_sitenote_active":false,"_monsterinsights_sitenote_note":"","_monsterinsights_sitenote_category":0,"_uf_show_specific_survey":0,"_uf_disable_surveys":false,"footnotes":""},"aioseo_notices":[],"_links":{"self":[{"href":"https:\/\/www.northiceexpeditions.is\/is\/wp-json\/wp\/v2\/pages\/70"}],"collection":[{"href":"https:\/\/www.northiceexpeditions.is\/is\/wp-json\/wp\/v2\/pages"}],"about":[{"href":"https:\/\/www.northiceexpeditions.is\/is\/wp-json\/wp\/v2\/types\/page"}],"author":[{"embeddable":true,"href":"https:\/\/www.northiceexpeditions.is\/is\/wp-json\/wp\/v2\/users\/2"}],"replies":[{"embeddable":true,"href":"https:\/\/www.northiceexpeditions.is\/is\/wp-json\/wp\/v2\/comments?post=70"}],"version-history":[{"count":54,"href":"https:\/\/www.northiceexpeditions.is\/is\/wp-json\/wp\/v2\/pages\/70\/revisions"}],"predecessor-version":[{"id":5007,"href":"https:\/\/www.northiceexpeditions.is\/is\/wp-json\/wp\/v2\/pages\/70\/revisions\/5007"}],"up":[{"embeddable":true,"href":"https:\/\/www.northiceexpeditions.is\/is\/wp-json\/wp\/v2\/pages\/4066"}],"wp:attachment":[{"href":"https:\/\/www.northiceexpeditions.is\/is\/wp-json\/wp\/v2\/media?parent=70"}],"curies":[{"name":"wp","href":"https:\/\/api.w.org\/{rel}","templated":true}]}}